{"id":769,"date":"2015-04-27T19:41:15","date_gmt":"2015-04-27T17:41:15","guid":{"rendered":"http:\/\/www.mediamill.de\/blog\/?page_id=769"},"modified":"2018-05-25T10:18:32","modified_gmt":"2018-05-25T08:18:32","slug":"datenschutz","status":"publish","type":"page","link":"https:\/\/www.mediamill.de\/blog\/datenschutz\/","title":{"rendered":"Datenschutz"},"content":{"rendered":"<p>Diese Datenschutzerkl\u00e4rung kl\u00e4rt Sie \u00fcber die Art, den Umfang und Zweck der Verarbeitung von personenbezogenen Daten (nachfolgend kurz \u201eDaten\u201c) innerhalb unseres Onlineangebotes und der mit ihm verbundenen Webseiten, Funktionen und Inhalte sowie externen Onlinepr\u00e4senzen, wie z.B. unser Social Media Profile auf. (nachfolgend gemeinsam bezeichnet als \u201eOnlineangebot\u201c). Im Hinblick auf die verwendeten Begrifflichkeiten, wie z.B. \u201epersonenbezogene Daten\u201c oder deren \u201eVerarbeitung\u201c verweisen wir auf die Definitionen im Art. 4 der Datenschutzgrundverordnung (DSGVO).<\/p>\n<div><\/div>\n<div>\n<p><strong>Verantwortlicher:<\/strong><\/p>\n<\/div>\n<div>\n<p>Werbeatelier MediaMill<br \/>\nChristian Krick<br \/>\nMoorstr. 81, 66885 Altenglan, Deutschland<br \/>\n06381\/4290157<br \/>\ninfo@mediamill.de<\/p>\n<\/div>\n<div>\n<h3>Arten der verarbeiteten Daten:<\/h3>\n<\/div>\n<div>\n<ul>\n<li>Bestandsdaten<\/li>\n<li>Kontaktdaten<\/li>\n<li>Inhaltsdaten<\/li>\n<li>Vertragsdaten<\/li>\n<li>Nutzungsdaten<\/li>\n<li>Meta-\/Kommunikationsdaten<\/li>\n<\/ul>\n<\/div>\n<h3>Verarbeitung besonderer Kategorien von Daten (Art. 9 Abs. 1 DSGVO):<\/h3>\n<div>\n<p>Es werden keine besonderen Kategorien von Daten verarbeitet.<\/p>\n<\/div>\n<h3>Kategorien der von der Verarbeitung betroffenen Personen:<\/h3>\n<div>\n<ul>\n<li>Kunden \/ Interessenten \/ Lieferanten.<\/li>\n<li>Besucher und Nutzer des Onlineangebotes.<\/li>\n<\/ul>\n<\/div>\n<div>\n<p>Nachfolgend bezeichnen wir die betroffenen Personen zusammenfassend auch als \u201eNutzer\u201c.<\/p>\n<\/div>\n<div>\n<p><strong>Zweck der Verarbeitung:<\/strong><\/p>\n<\/div>\n<div>\n<ul>\n<li>Zurverf\u00fcgungstellung des Onlineangebotes, seiner Inhalte und Funktionen.<\/li>\n<li>Erbringung vertraglicher Leistungen, Service und Kundenpflege.<\/li>\n<li>Beantwortung von Kontaktanfragen und Kommunikation mit Nutzern.<\/li>\n<li>Marketing, Werbung und Marktforschung.<\/li>\n<\/ul>\n<\/div>\n<div>\n<p><strong>Stand: 25.05.2018<\/strong><\/p>\n<\/div>\n<h4>1. Ma\u00dfgebliche Rechtsgrundlagen<\/h4>\n<div>\n<p>Nach Ma\u00dfgabe des Art. 13 DSGVO teilen wir Ihnen die Rechtsgrundlagen unserer Datenverarbeitungen mit. Sofern die Rechtsgrundlage in der Datenschutzerkl\u00e4rung nicht genannt wird, gilt Folgendes: Die Rechtsgrundlage f\u00fcr die Einholung von Einwilligungen ist Art. 6 Abs. 1 lit. a und Art. 7 DSGVO, die Rechtsgrundlage f\u00fcr die Verarbeitung zur Erf\u00fcllung unserer Leistungen und Durchf\u00fchrung vertraglicher Ma\u00dfnahmen sowie Beantwortung von Anfragen ist Art. 6 Abs. 1 lit. b DSGVO, die Rechtsgrundlage f\u00fcr die Verarbeitung zur Erf\u00fcllung unserer rechtlichen Verpflichtungen ist Art. 6 Abs. 1 lit. c DSGVO, und die Rechtsgrundlage f\u00fcr die Verarbeitung zur Wahrung unserer berechtigten Interessen ist Art. 6 Abs. 1 lit. f DSGVO. F\u00fcr den Fall, dass lebenswichtige Interessen der betroffenen Person oder einer anderen nat\u00fcrlichen Person eine Verarbeitung personenbezogener Daten erforderlich machen, dient Art. 6 Abs. 1 lit. d DSGVO als Rechtsgrundlage.<\/p>\n<\/div>\n<h4>2. \u00c4nderungen und Aktualisierungen der Datenschutzerkl\u00e4rung<\/h4>\n<div>\n<p>Wir bitten Sie sich regelm\u00e4\u00dfig \u00fcber den Inhalt unserer Datenschutzerkl\u00e4rung zu informieren. Wir passen die Datenschutzerkl\u00e4rung an, sobald die \u00c4nderungen der von uns durchgef\u00fchrten Datenverarbeitungen dies erforderlich machen. Wir informieren Sie, sobald durch die \u00c4nderungen eine Mitwirkungshandlung Ihrerseits (z.B. Einwilligung) oder eine sonstige individuelle Benachrichtigung erforderlich wird.<\/p>\n<\/div>\n<h4>3. Sicherheitsma\u00dfnahmen<\/h4>\n<div>\n<p>3.1. Wir treffen nach Ma\u00dfgabe des Art. 32 DSGVO unter Ber\u00fccksichtigung des Stands der Technik, der Implementierungskosten und der Art, des Umfangs, der Umst\u00e4nde und der Zwecke der Verarbeitung sowie der unterschiedlichen Eintrittswahrscheinlichkeit und Schwere des Risikos f\u00fcr die Rechte und Freiheiten nat\u00fcrlicher Personen, geeignete technische und organisatorische Ma\u00dfnahmen, um ein dem Risiko angemessenes Schutzniveau zu gew\u00e4hrleisten; Zu den Ma\u00dfnahmen geh\u00f6ren insbesondere die Sicherung der Vertraulichkeit, Integrit\u00e4t und Verf\u00fcgbarkeit von Daten durch Kontrolle des physischen Zugangs zu den Daten, als auch des sie betreffenden Zugriffs, der Eingabe, Weitergabe, der Sicherung der Verf\u00fcgbarkeit und ihrer Trennung. Des Weiteren haben wir Verfahren eingerichtet, die eine Wahrnehmung von Betroffenenrechten, L\u00f6schung von Daten und Reaktion auf Gef\u00e4hrdung der Daten gew\u00e4hrleisten. Ferner ber\u00fccksichtigen wir den Schutz personenbezogener Daten bereits bei der Entwicklung, bzw. Auswahl von Hardware, Software sowie Verfahren, entsprechend dem Prinzip des Datenschutzes durch Technikgestaltung und durch datenschutzfreundliche Voreinstellungen ber\u00fccksichtigt (Art. 25 DSGVO).<\/p>\n<\/div>\n<div>\n<p>3.2. Zu den Sicherheitsma\u00dfnahmen geh\u00f6rt insbesondere die verschl\u00fcsselte \u00dcbertragung von Daten zwischen Ihrem Browser und unserem Server.<\/p>\n<\/div>\n<h4>4. Zusammenarbeit mit Auftragsverarbeitern und Dritten<\/h4>\n<div>\n<p>4.1. Sofern wir im Rahmen unserer Verarbeitung Daten gegen\u00fcber anderen Personen und Unternehmen (Auftragsverarbeitern oder Dritten) offenbaren, sie an diese \u00fcbermitteln oder ihnen sonst Zugriff auf die Daten gew\u00e4hren, erfolgt dies nur auf Grundlage einer gesetzlichen Erlaubnis (z.B. wenn eine \u00dcbermittlung der Daten an Dritte, wie an Zahlungsdienstleister, gem. Art. 6 Abs. 1 lit. b DSGVO zur Vertragserf\u00fcllung erforderlich ist), Sie eingewilligt haben, eine rechtliche Verpflichtung dies vorsieht oder auf Grundlage unserer berechtigten Interessen (z.B. beim Einsatz von Beauftragten, Webhostern, etc.).<\/p>\n<\/div>\n<div>\n<p>4.2. Sofern wir Dritte mit der Verarbeitung von Daten auf Grundlage eines sog. \u201eAuftragsverarbeitungsvertrages\u201c beauftragen, geschieht dies auf Grundlage des Art. 28 DSGVO.<\/p>\n<\/div>\n<div>\n<p>&nbsp;<\/p>\n<h4>5. \u00dcbermittlungen in Drittl\u00e4nder<\/h4>\n<\/div>\n<div>\n<p>Sofern wir Daten in einem Drittland (d.h. au\u00dferhalb der Europ\u00e4ischen Union (EU) oder des Europ\u00e4ischen Wirtschaftsraums (EWR)) verarbeiten oder dies im Rahmen der Inanspruchnahme von Diensten Dritter oder Offenlegung, bzw. \u00dcbermittlung von Daten an Dritte geschieht, erfolgt dies nur, wenn es zur Erf\u00fcllung unserer (vor)vertraglichen Pflichten, auf Grundlage Ihrer Einwilligung, aufgrund einer rechtlichen Verpflichtung oder auf Grundlage unserer berechtigten Interessen geschieht. Vorbehaltlich gesetzlicher oder vertraglicher Erlaubnisse, verarbeiten oder lassen wir die Daten in einem Drittland nur beim Vorliegen der besonderen Voraussetzungen der Art. 44 ff. DSGVO verarbeiten. D.h. die Verarbeitung erfolgt z.B. auf Grundlage besonderer Garantien, wie der offiziell anerkannten Feststellung eines der EU entsprechenden Datenschutzniveaus (z.B. f\u00fcr die USA durch das \u201ePrivacy Shield\u201c) oder Beachtung offiziell anerkannter spezieller vertraglicher Verpflichtungen (so genannte \u201eStandardvertragsklauseln\u201c).<\/p>\n<\/div>\n<h4>6. Rechte der betroffenen Personen<\/h4>\n<div>\n<p>6.1. Sie haben das Recht, eine Best\u00e4tigung dar\u00fcber zu verlangen, ob betreffende Daten verarbeitet werden und auf Auskunft \u00fcber diese Daten sowie auf weitere Informationen und Kopie der Daten entsprechend Art. 15 DSGVO.<\/p>\n<\/div>\n<div>\n<p>6.2. Sie haben entsprechend. Art. 16 DSGVO das Recht, die Vervollst\u00e4ndigung der Sie betreffenden Daten oder die Berichtigung der Sie betreffenden unrichtigen Daten zu verlangen.<\/p>\n<\/div>\n<div>\n<p>6.3. Sie haben nach Ma\u00dfgabe des Art. 17 DSGVO das Recht zu verlangen, dass betreffende Daten unverz\u00fcglich gel\u00f6scht werden, bzw. alternativ nach Ma\u00dfgabe des Art. 18 DSGVO eine Einschr\u00e4nkung der Verarbeitung der Daten zu verlangen.<\/p>\n<\/div>\n<div>\n<p>6.4. Sie haben das Recht zu verlangen, dass die Sie betreffenden Daten, die Sie uns bereitgestellt haben nach Ma\u00dfgabe des Art. 20 DSGVO zu erhalten und deren \u00dcbermittlung an andere Verantwortliche zu fordern.<\/p>\n<\/div>\n<div>\n<p>6.5. Sie haben ferner gem. Art. 77 DSGVO das Recht, eine Beschwerde bei der zust\u00e4ndigen Aufsichtsbeh\u00f6rde einzureichen.<\/p>\n<\/div>\n<h4>7. Widerrufsrecht<\/h4>\n<div>\n<p>Sie haben das Recht, erteilte Einwilligungen gem. Art. 7 Abs. 3 DSGVO mit Wirkung f\u00fcr die Zukunft zu widerrufen.<\/p>\n<\/div>\n<h4>8. Widerspruchsrecht<\/h4>\n<div>\n<p>Sie k\u00f6nnen der k\u00fcnftigen Verarbeitung der Sie betreffenden Daten nach Ma\u00dfgabe des Art. 21 DSGVO jederzeit widersprechen. Der Widerspruch kann insbesondere gegen die Verarbeitung f\u00fcr Zwecke der Direktwerbung erfolgen.<\/p>\n<\/div>\n<h4>9. Cookies und Widerspruchsrecht bei Direktwerbung<\/h4>\n<div>\n<p>Wir setzen tempor\u00e4re und permanente Cookies, d.h. kleine Dateien, die auf den Ger\u00e4ten der Nutzer gespeichert werden ein (Erkl\u00e4rung des Begriffs und der Funktion, siehe letzter Abschnitt dieser Datenschutzerkl\u00e4rung). Zum Teil dienen die Cookies der Sicherheit oder sind zum Betrieb unseres Onlineangebotes erforderlich (z.B., f\u00fcr die Darstellung der Website) oder um die Nutzerentscheidung bei der Best\u00e4tigung des Cookie-Banners zu speichern. Daneben setzen wir oder unsere Technologiepartner Cookies zur Reichweitenmessung und Marketingzwecken ein, wor\u00fcber die Nutzer im Laufe der Datenschutzerkl\u00e4rung informiert werden.<\/p>\n<\/div>\n<div>\n<p>Ein genereller Widerspruch gegen den Einsatz der zu Zwecken des Onlinemarketing eingesetzten Cookies kann bei einer Vielzahl der Dienste, vor allem im Fall des Trackings, \u00fcber die US-amerikanische Seite http:\/\/www.aboutads.info\/choices\/ oder die EU-Seite http:\/\/www.youronlinechoices.com\/ erkl\u00e4rt werden. Des Weiteren kann die Speicherung von Cookies mittels deren Abschaltung in den Einstellungen des Browsers erreicht werden. Bitte beachten Sie, dass dann gegebenenfalls nicht alle Funktionen dieses Onlineangebotes genutzt werden k\u00f6nnen.<\/p>\n<\/div>\n<h4>10. L\u00f6schung von Daten<\/h4>\n<div>\n<p>10.1. Die von uns verarbeiteten Daten werden nach Ma\u00dfgabe der Art. 17 und 18 DSGVO gel\u00f6scht oder in ihrer Verarbeitung eingeschr\u00e4nkt. Sofern nicht im Rahmen dieser Datenschutzerkl\u00e4rung ausdr\u00fccklich angegeben, werden die bei uns gespeicherten Daten gel\u00f6scht, sobald sie f\u00fcr ihre Zweckbestimmung nicht mehr erforderlich sind und der L\u00f6schung keine gesetzlichen Aufbewahrungspflichten entgegenstehen. Sofern die Daten nicht gel\u00f6scht werden, weil sie f\u00fcr andere und gesetzlich zul\u00e4ssige Zwecke erforderlich sind, wird deren Verarbeitung eingeschr\u00e4nkt. D.h. die Daten werden gesperrt und nicht f\u00fcr andere Zwecke verarbeitet. Das gilt z.B. f\u00fcr Daten, die aus handels- oder steuerrechtlichen Gr\u00fcnden aufbewahrt werden m\u00fcssen.<\/p>\n<\/div>\n<div>\n<p>10.2. Nach gesetzlichen Vorgaben erfolgt die Aufbewahrung insbesondere f\u00fcr 6 Jahre gem\u00e4\u00df \u00a7 257 Abs. 1 HGB (Handelsb\u00fccher, Inventare, Er\u00f6ffnungsbilanzen, Jahresabschl\u00fcsse, Handelsbriefe, Buchungsbelege, etc.) sowie f\u00fcr 10 Jahre gem\u00e4\u00df \u00a7 147 Abs. 1 AO (B\u00fccher, Aufzeichnungen, Lageberichte, Buchungsbelege, Handels- und Gesch\u00e4ftsbriefe, f\u00fcr Besteuerung relevante Unterlagen, etc.).<\/p>\n<\/div>\n<h4>11. Erbringung vertraglicher Leistungen<\/h4>\n<div>\n<p>11.1. Wir verarbeiten Bestandsdaten (z.B., Namen und Adressen sowie Kontaktdaten von Nutzern), Vertragsdaten (z.B., in Anspruch genommene Leistungen, Namen von Kontaktpersonen, Zahlungsinformationen) zwecks Erf\u00fcllung unserer vertraglichen Verpflichtungen und Serviceleistungen gem. Art. 6 Abs. 1 lit b. DSGVO. Die in Onlineformularen als verpflichtend gekennzeichneten Eingaben, sind f\u00fcr den Vertragsschluss erforderlich.<\/p>\n<\/div>\n<div>\n<p>11.2. Die L\u00f6schung erfolgt nach Ablauf gesetzlicher Gew\u00e4hrleistungs- und vergleichbarer Pflichten, die Erforderlichkeit der Aufbewahrung der Daten wird alle drei Jahre \u00fcberpr\u00fcft; im Fall der gesetzlichen Archivierungspflichten erfolgt die L\u00f6schung nach deren Ablauf (Ende handelsrechtlicher (6 Jahre) und steuerrechtlicher (10 Jahre) Aufbewahrungspflicht); Angaben im Kundenkonto verbleiben bis zu dessen L\u00f6schung.<\/p>\n<\/div>\n<h4>12. Kontaktaufnahme<\/h4>\n<div>\n<p>12.1. Bei der Kontaktaufnahme mit uns (per Kontaktformular oder E-Mail) werden die Angaben des Nutzers zur Bearbeitung der Kontaktanfrage und deren Abwicklung gem. Art. 6 Abs. 1 lit. b) DSGVO verarbeitet.<\/p>\n<\/div>\n<div>\n<p>12.2. Die Angaben der Nutzer k\u00f6nnen in unserem Customer-Relationship-Management System (&#8222;CRM System&#8220;) oder vergleichbarer Anfragenorganisation gespeichert werden.<\/p>\n<\/div>\n<div>\n<p>12.3. Wir l\u00f6schen die Anfragen, sofern diese nicht mehr erforderlich sind. Wir \u00fcberpr\u00fcfen die Erforderlichkeit alle zwei Jahre; Anfragen von Kunden, die \u00fcber ein Kundenkonto verf\u00fcgen, speichern wir dauerhaft und verweisen zur L\u00f6schung auf die Angaben zum Kundenkonto. Im Fall der gesetzlichen Archivierungspflichten erfolgt die L\u00f6schung nach deren Ablauf (Ende handelsrechtlicher (6 Jahre) und steuerrechtlicher (10 Jahre) Aufbewahrungspflicht).<\/p>\n<\/div>\n<h4>13. Kommentare und Beitr\u00e4ge<\/h4>\n<div>\n<p>13.1. Wenn Nutzer Kommentare oder sonstige Beitr\u00e4ge hinterlassen, werden ihre IP-Adressen auf Grundlage unserer berechtigten Interessen im Sinne des Art. 6 Abs. 1 lit. f. DSGVO f\u00fcr 7 Tage gespeichert.<\/p>\n<\/div>\n<div>\n<p>13.2. Das erfolgt zu unserer Sicherheit, falls jemand in Kommentaren und Beitr\u00e4gen widerrechtliche Inhalte hinterl\u00e4sst (Beleidigungen, verbotene politische Propaganda, etc.). In diesem Fall k\u00f6nnen wir selbst f\u00fcr den Kommentar oder Beitrag belangt werden und sind daher an der Identit\u00e4t des Verfassers interessiert.<\/p>\n<\/div>\n<h4>14. Abruf von Profilbildern bei Gravatar<\/h4>\n<div>\n<p>Wir setzen innerhalb unseres Onlineangebotes und insbesondere im Blog den Dienst Gravatar, der Automattic, Inc. 132 Hawthorne Street San Francisco, CA 94107, USA, ein.<\/p>\n<\/div>\n<div>\n<p>Gravatar ist ein Dienst, bei dem sich Nutzer anmelden und Profilbilder und ihre E-Mailadressen hinterlegen k\u00f6nnen. Wen Nutzer mit der jeweiligen E-Mailadresse auf anderen Onlinepr\u00e4senzen (vor allem in Blogs) Beitr\u00e4ge oder Kommentare hinterlassen, k\u00f6nnen so deren Profilbilder neben den Beitr\u00e4gen oder Kommentaren dargestellt werden. Hierzu wird die von den Nutzern mitgeteilte E-Mailadresse an Gravatar zwecks Pr\u00fcfung, ob zu ihr ein Profil gespeichert ist, verschl\u00fcsselt \u00fcbermittelt. Dies ist der einzige Zweck der \u00dcbermittlung der E-Mailadresse und sie wird nicht f\u00fcr andere Zwecke verwendet, sondern danach gel\u00f6scht.<\/p>\n<\/div>\n<div>\n<p>Die Nutzung von Gravatar erfolgt auf Grundlage unserer berechtigten Interessen im Sinne des Art. 6 Abs. 1 lit. f) DSGVO, da wir mit Hilfe von Gravatar den Beitrags- und Kommentarverfassern die M\u00f6glichkeit bieten ihre Beitr\u00e4ge mit einem Profilbild zu personalisieren.<\/p>\n<\/div>\n<div>\n<p>Automattic ist unter dem Privacy-Shield-Abkommen zertifiziert und bietet hierdurch eine Garantie, das europ\u00e4ische Datenschutzrecht einzuhalten (https:\/\/www.privacyshield.gov\/participant?id=a2zt0000000CbqcAAC&amp;status=Active).<\/p>\n<\/div>\n<div>\n<p>Durch die Anzeige der Bilder bringt Gravatar die IP-Adresse der Nutzer in Erfahrung, da dies f\u00fcr eine Kommunikation zwischen einem Browser und einem Onlineservice notwendig ist. N\u00e4here Informationen zur Erhebung und Nutzung der Daten durch Gravatar finden sich in den Datenschutzhinweisen von Automattic: https:\/\/automattic.com\/privacy\/.<\/p>\n<\/div>\n<div>\n<p>Wenn Nutzer nicht m\u00f6chten, dass ein mit Ihrer E-Mail-Adresse bei Gravatar verkn\u00fcpftes Benutzerbild in den Kommentaren erscheint, sollten Sie zum Kommentieren eine E-Mail-Adresse nutzen, welche nicht bei Gravatar hinterlegt ist. Wir weisen ferner darauf hin, dass es auch m\u00f6glich ist eine anonyme oder gar keine E-Mailadresse zu verwenden, falls die Nutzer nicht w\u00fcnschen, dass die eigene E-Mailadresse an Gravatar \u00fcbersendet wird. Nutzer k\u00f6nnen die \u00dcbertragung der Daten komplett verhindern, indem Sie unser Kommentarsystem nicht nutzen.<\/p>\n<\/div>\n<h4>15. Akismet Anti-Spam-Pr\u00fcfung<\/h4>\n<div>\n<p>Unser Onlineangebot nutzt den Dienst \u201eAkismet\u201c, der von der Automattic, Inc. 132 Hawthorne Street San Francisco, CA 94107, USA, angeboten wird. Die Nutzung erfolgt auf Grundlage unserer berechtigten Interessen im Sinne des Art. 6 Abs. 1 lit. f) DSGVO. Mit Hilfe dieses Dienstes werden Kommentare echter Menschen von Spam-Kommentaren unterschieden. Dazu werden alle Kommentarangaben an einen Server in den USA verschickt, wo sie analysiert und f\u00fcr Vergleichszwecke vier Tage lang gespeichert werden. Ist ein Kommentar als Spam eingestuft worden, werden die Daten \u00fcber diese Zeit hinaus gespeichert. Zu diesen Angaben geh\u00f6ren der eingegebene Name, die Emailadresse, die IP-Adresse, der Kommentarinhalt, der Referrer, Angaben zum verwendeten Browser sowie dem Computersystem und die Zeit des Eintrags.<\/p>\n<\/div>\n<div>\n<p>Automattic ist unter dem Privacy-Shield-Abkommen zertifiziert und bietet hierdurch eine Garantie, das europ\u00e4ische Datenschutzrecht einzuhalten (https:\/\/www.privacyshield.gov\/participant?id=a2zt0000000CbqcAAC&amp;status=Active).<\/p>\n<\/div>\n<div>\n<p>N\u00e4here Informationen zur Erhebung und Nutzung der Daten durch Akismet finden sich in den Datenschutzhinweisen von Automattic: https:\/\/automattic.com\/privacy\/.<\/p>\n<\/div>\n<div>\n<p>Nutzer k\u00f6nnen gerne Pseudonyme nutzen, oder auf die Eingabe des Namens oder der Emailadresse verzichten. Sie k\u00f6nnen die \u00dcbertragung der Daten komplett verhindern, indem Sie unser Kommentarsystem nicht nutzen. Das w\u00e4re schade, aber leider sehen wir sonst keine Alternativen, die ebenso effektiv arbeiten.<\/p>\n<\/div>\n<h4>16. Erhebung von Zugriffsdaten und Logfiles<\/h4>\n<div>\n<p>16.1. Wir erheben auf Grundlage unserer berechtigten Interessen im Sinne des Art. 6 Abs. 1 lit. f. DSGVO Daten \u00fcber jeden Zugriff auf den Server, auf dem sich dieser Dienst befindet (sogenannte Serverlogfiles). Zu den Zugriffsdaten geh\u00f6ren Name der abgerufenen Webseite, Datei, Datum und Uhrzeit des Abrufs, \u00fcbertragene Datenmenge, Meldung \u00fcber erfolgreichen Abruf, Browsertyp nebst Version, das Betriebssystem des Nutzers, Referrer URL (die zuvor besuchte Seite), IP-Adresse und der anfragende Provider.<\/p>\n<\/div>\n<div>\n<p>16.2. Logfile-Informationen werden aus Sicherheitsgr\u00fcnden (z.B. zur Aufkl\u00e4rung von Missbrauchs- oder Betrugshandlungen) f\u00fcr die Dauer von maximal sieben Tagen gespeichert und danach gel\u00f6scht. Daten, deren weitere Aufbewahrung zu Beweiszwecken erforderlich ist, sind bis zur endg\u00fcltigen Kl\u00e4rung des jeweiligen Vorfalls von der L\u00f6schung ausgenommen.<\/p>\n<\/div>\n<h4>17. Onlinepr\u00e4senzen in sozialen Medien<\/h4>\n<div>\n<p>17.1. Wir unterhalten auf Grundlage unserer berechtigten Interessen im Sinne des Art. 6 Abs. 1 lit. f. DSGVO Onlinepr\u00e4senzen innerhalb sozialer Netzwerke und Plattformen, um mit den dort aktiven Kunden, Interessenten und Nutzern kommunizieren und sie dort \u00fcber unsere Leistungen informieren zu k\u00f6nnen. Beim Aufruf der jeweiligen Netzwerke und Plattformen gelten die Gesch\u00e4ftsbedingungen und die Datenverarbeitungsrichtlinien deren jeweiligen Betreiber.<\/p>\n<\/div>\n<div>\n<p>17.2. Soweit nicht anders im Rahmen unserer Datenschutzerkl\u00e4rung angegeben, verarbeiten wir die Daten der Nutzer sofern diese mit uns innerhalb der sozialen Netzwerke und Plattformen kommunizieren, z.B. Beitr\u00e4ge auf unseren Onlinepr\u00e4senzen verfassen oder uns Nachrichten zusenden.<\/p>\n<\/div>\n<h4>18. Cookies &amp; Reichweitenmessung<\/h4>\n<div>\n<p>18.1. Cookies sind Informationen, die von unserem Webserver oder Webservern Dritter an die Web-Browser der Nutzer \u00fcbertragen und dort f\u00fcr einen sp\u00e4teren Abruf gespeichert werden. Bei Cookies kann es sich um kleine Dateien oder sonstige Arten der Informationsspeicherung handeln.<\/p>\n<\/div>\n<div>\n<p>18.2. Wir verwenden \u201eSession-Cookies\u201c, die nur f\u00fcr die Zeitdauer des aktuellen Besuchs auf unserer Onlinepr\u00e4senz abgelegt werden (z.B. um die Speicherung Ihres Login-Status oder die Warenkorbfunktion und somit die Nutzung unseres Onlineangebotes \u00fcberhaupt erm\u00f6glichen zu k\u00f6nnen). In einem Session-Cookie wird eine zuf\u00e4llig erzeugte eindeutige Identifikationsnummer abgelegt, eine sogenannte Session-ID. Au\u00dferdem enth\u00e4lt ein Cookie die Angabe \u00fcber seine Herkunft und die Speicherfrist. Diese Cookies k\u00f6nnen keine anderen Daten speichern. Session-Cookies werden gel\u00f6scht, wenn Sie die Nutzung unseres Onlineangebotes beendet haben und sich z.B. ausloggen oder den Browser schlie\u00dfen.<\/p>\n<\/div>\n<div>\n<p>18.3. Falls die Nutzer nicht m\u00f6chten, dass Cookies auf ihrem Rechner gespeichert werden, werden sie gebeten die entsprechende Option in den Systemeinstellungen ihres Browsers zu deaktivieren. Gespeicherte Cookies k\u00f6nnen in den Systemeinstellungen des Browsers gel\u00f6scht werden. Der Ausschluss von Cookies kann zu Funktionseinschr\u00e4nkungen dieses Onlineangebotes f\u00fchren.<\/p>\n<\/div>\n<h4>19. Einbindung von Diensten und Inhalten Dritter<\/h4>\n<div>\n<p>19.1. Wir setzen innerhalb unseres Onlineangebotes auf Grundlage unserer berechtigten Interessen (d.h. Interesse an der Analyse, Optimierung und wirtschaftlichem Betrieb unseres Onlineangebotes im Sinne des Art. 6 Abs. 1 lit. f. DSGVO) Inhalts- oder Serviceangebote von Drittanbietern ein, um deren Inhalte und Services, wie z.B. Videos oder Schriftarten einzubinden (nachfolgend einheitlich bezeichnet als \u201cInhalte\u201d). Dies setzt immer voraus, dass die Drittanbieter dieser Inhalte, die IP-Adresse der Nutzer wahrnehmen, da sie ohne die IP-Adresse die Inhalte nicht an deren Browser senden k\u00f6nnten. Die IP-Adresse ist damit f\u00fcr die Darstellung dieser Inhalte erforderlich. Wir bem\u00fchen uns nur solche Inhalte zu verwenden, deren jeweilige Anbieter die IP-Adresse lediglich zur Auslieferung der Inhalte verwenden. Drittanbieter k\u00f6nnen ferner so genannte Pixel-Tags (unsichtbare Grafiken, auch als &#8222;Web Beacons&#8220; bezeichnet) f\u00fcr statistische oder Marketingzwecke verwenden. Durch die &#8222;Pixel-Tags&#8220; k\u00f6nnen Informationen, wie der Besucherverkehr auf den Seiten dieser Website ausgewertet werden. Die pseudonymen Informationen k\u00f6nnen ferner in Cookies auf dem Ger\u00e4t der Nutzer gespeichert werden und unter anderem technische Informationen zum Browser und Betriebssystem, verweisende Webseiten, Besuchszeit sowie weitere Angaben zur Nutzung unseres Onlineangebotes enthalten, als auch mit solchen Informationen aus anderen Quellen verbunden werden k\u00f6nnen.<\/p>\n<\/div>\n<div>\n<p>19.2. Die nachfolgende Darstellung bietet eine \u00dcbersicht von Drittanbietern sowie ihrer Inhalte, nebst Links zu deren Datenschutzerkl\u00e4rungen, welche weitere Hinweise zur Verarbeitung von Daten und, z.T. bereits hier genannt, Widerspruchsm\u00f6glichkeiten (sog. Opt-Out) enthalten:<\/p>\n<p><strong>OpenStreetMap<\/strong><\/p>\n<\/div>\n<div>\n<p>Wir binden die Landkarten des Dienstes &#8222;OpenStreetMap&#8220; ein (https:\/\/www.openstreetmap.de), die auf Grundlage der Open Data Commons Open Database Lizenz (ODbL) durch die OpenStreetMap Foundation (OSMF) angeboten werden. Datenschutzerkl\u00e4rung: https:\/\/wiki.openstreetmap.org\/wiki\/Privacy_Policy.<\/p>\n<\/div>\n<div><\/div>\n<div>\n<p>Nach unserer Kenntnis werden die Daten der Nutzer durch OpenStreetMap ausschlie\u00dflich zu Zwecken der Darstellung der Kartenfunktionen und Zwischenspeicherung der gew\u00e4hlten Einstellungen verwendet. Zu diesen Daten k\u00f6nnen insbesondere IP-Adressen und Standortdaten der Nutzer geh\u00f6ren, die jedoch nicht ohne deren Einwilligung (im Regelfall im Rahmen der Einstellungen ihrer Mobilger\u00e4te vollzogen), erhoben werden.<\/p>\n<\/div>\n<div><\/div>\n<div>\n<p>Die Daten k\u00f6nnen in den USA verarbeitet werden. Weitere Informationen k\u00f6nnen Sie der Datenschutzerkl\u00e4rung von OpenStreetMap entnehmen: https:\/\/wiki.openstreetmap.org\/wiki\/Privacy_Policy<\/p>\n<\/div>\n<div><\/div>\n","protected":false},"excerpt":{"rendered":"<p>Diese Datenschutzerkl\u00e4rung kl\u00e4rt Sie \u00fcber die Art, den Umfang und Zweck der Verarbeitung von personenbezogenen Daten (nachfolgend kurz \u201eDaten\u201c) innerhalb unseres Onlineangebotes und der mit ihm verbundenen Webseiten, Funktionen und Inhalte sowie externen Onlinepr\u00e4senzen, wie z.B. unser Social Media Profile auf. (nachfolgend gemeinsam bezeichnet als \u201eOnlineangebot\u201c). Im Hinblick auf die verwendeten Begrifflichkeiten, wie z.B. \u201epersonenbezogene [&hellip;]<\/p>\n","protected":false},"author":3,"featured_media":0,"parent":0,"menu_order":0,"comment_status":"closed","ping_status":"closed","template":"","meta":{"footnotes":""},"class_list":["post-769","page","type-page","status-publish","hentry"],"_links":{"self":[{"href":"https:\/\/www.mediamill.de\/blog\/wp-json\/wp\/v2\/pages\/769","targetHints":{"allow":["GET"]}}],"collection":[{"href":"https:\/\/www.mediamill.de\/blog\/wp-json\/wp\/v2\/pages"}],"about":[{"href":"https:\/\/www.mediamill.de\/blog\/wp-json\/wp\/v2\/types\/page"}],"author":[{"embeddable":true,"href":"https:\/\/www.mediamill.de\/blog\/wp-json\/wp\/v2\/users\/3"}],"replies":[{"embeddable":true,"href":"https:\/\/www.mediamill.de\/blog\/wp-json\/wp\/v2\/comments?post=769"}],"version-history":[{"count":2,"href":"https:\/\/www.mediamill.de\/blog\/wp-json\/wp\/v2\/pages\/769\/revisions"}],"predecessor-version":[{"id":997,"href":"https:\/\/www.mediamill.de\/blog\/wp-json\/wp\/v2\/pages\/769\/revisions\/997"}],"wp:attachment":[{"href":"https:\/\/www.mediamill.de\/blog\/wp-json\/wp\/v2\/media?parent=769"}],"curies":[{"name":"wp","href":"https:\/\/api.w.org\/{rel}","templated":true}]}}