{"id":9,"date":"2008-01-05T15:09:02","date_gmt":"2008-01-05T13:09:02","guid":{"rendered":"http:\/\/mediamill.mediamill.info\/blog\/ueber-mediamill-blog\/"},"modified":"2020-10-20T12:12:36","modified_gmt":"2020-10-20T10:12:36","slug":"ueber-mediamill-blog","status":"publish","type":"page","link":"https:\/\/www.mediamill.de\/blog\/ueber-mediamill-blog\/","title":{"rendered":"\u00dcber Mediamill Blog"},"content":{"rendered":"<p>Dieser Blog ist ein Notizbuch&#8230;<\/p>\n<p>Mit der Zeit merkt man, nach dem L\u00f6sen eines Problems, dass man das Problem eigentlich schon einmal gel\u00f6st hatte, sich aber nicht mehr daran erinneren konnte. Dieser Blog soll in Zukunft doppelte Arbeit verringern. Die M\u00f6glichkeit Blogeintr\u00e4ge mit mehreren Kategorien zu versehen stellt eine hervorragende M\u00f6glichkeit bereit Probleme und die dazugeh\u00f6renden L\u00f6sungsm\u00f6glichkeiten aufzuzeichnen, zu ordnen und zu verwalten. Die Blogeintr\u00e4ge sind dabei nat\u00fcrlich ohne jegliche Garantie auf Vollst\u00e4ndigkeit oder Korrektheit. Jegliche Haftung beim Anwenden der L\u00f6sungsvorschl\u00e4ge wird ausgeschlossen. Sollte jemand eine bessere L\u00f6sung haben oder ist jemand ein Fehler aufgefallen, dann ist er aufgerufen einen Kommentar abzugeben. \ud83d\ude42<\/p>\n<p>\u00a0<\/p>\n<p>\u00a0<\/p>\n\n\n<div class=\"wp-block-buttons is-layout-flex wp-block-buttons-is-layout-flex\"><\/div>\n\n\n\n<p><\/p>\n","protected":false},"excerpt":{"rendered":"<p>Dieser Blog ist ein Notizbuch&#8230; Mit der Zeit merkt man, nach dem L\u00f6sen eines Problems, dass man das Problem eigentlich schon einmal gel\u00f6st hatte, sich aber nicht mehr daran erinneren konnte. Dieser Blog soll in Zukunft doppelte Arbeit verringern. Die M\u00f6glichkeit Blogeintr\u00e4ge mit mehreren Kategorien zu versehen stellt eine hervorragende M\u00f6glichkeit bereit Probleme und die [&hellip;]<\/p>\n","protected":false},"author":2,"featured_media":0,"parent":0,"menu_order":0,"comment_status":"open","ping_status":"open","template":"","meta":{"footnotes":""},"class_list":["post-9","page","type-page","status-publish","hentry"],"_links":{"self":[{"href":"https:\/\/www.mediamill.de\/blog\/wp-json\/wp\/v2\/pages\/9","targetHints":{"allow":["GET"]}}],"collection":[{"href":"https:\/\/www.mediamill.de\/blog\/wp-json\/wp\/v2\/pages"}],"about":[{"href":"https:\/\/www.mediamill.de\/blog\/wp-json\/wp\/v2\/types\/page"}],"author":[{"embeddable":true,"href":"https:\/\/www.mediamill.de\/blog\/wp-json\/wp\/v2\/users\/2"}],"replies":[{"embeddable":true,"href":"https:\/\/www.mediamill.de\/blog\/wp-json\/wp\/v2\/comments?post=9"}],"version-history":[{"count":4,"href":"https:\/\/www.mediamill.de\/blog\/wp-json\/wp\/v2\/pages\/9\/revisions"}],"predecessor-version":[{"id":1121,"href":"https:\/\/www.mediamill.de\/blog\/wp-json\/wp\/v2\/pages\/9\/revisions\/1121"}],"wp:attachment":[{"href":"https:\/\/www.mediamill.de\/blog\/wp-json\/wp\/v2\/media?parent=9"}],"curies":[{"name":"wp","href":"https:\/\/api.w.org\/{rel}","templated":true}]}}